{"id":8411,"date":"2023-10-06T23:45:29","date_gmt":"2023-10-06T23:45:29","guid":{"rendered":"https:\/\/www.institut-rambouillet.com\/conditions-generales-de-vente\/"},"modified":"2023-10-07T13:24:08","modified_gmt":"2023-10-07T13:24:08","slug":"termini-e-condizioni-di-vendita","status":"publish","type":"page","link":"https:\/\/www.institut-rambouillet.com\/it\/termini-e-condizioni-di-vendita\/","title":{"rendered":"Conditions G\u00e9n\u00e9rales de Vente"},"content":{"rendered":"\t\t<div data-elementor-type=\"wp-page\" data-elementor-id=\"8411\" class=\"elementor elementor-8411 elementor-8401\" data-elementor-post-type=\"page\">\n\t\t\t\t\t\t<section class=\"elementor-section elementor-top-section elementor-element elementor-element-2d55ea7 elementor-section-boxed elementor-section-height-default elementor-section-height-default\" data-id=\"2d55ea7\" data-element_type=\"section\" data-e-type=\"section\">\n\t\t\t\t\t\t<div class=\"elementor-container elementor-column-gap-default\">\n\t\t\t\t\t<div class=\"elementor-column elementor-col-100 elementor-top-column elementor-element elementor-element-e996385\" data-id=\"e996385\" data-element_type=\"column\" data-e-type=\"column\">\n\t\t\t<div class=\"elementor-widget-wrap elementor-element-populated\">\n\t\t\t\t\t\t<div class=\"elementor-element elementor-element-bfe001a elementor-widget elementor-widget-heading\" data-id=\"bfe001a\" data-element_type=\"widget\" data-e-type=\"widget\" data-widget_type=\"heading.default\">\n\t\t\t\t<div class=\"elementor-widget-container\">\n\t\t\t\t\t<h2 class=\"elementor-heading-title elementor-size-default\">Termini e condizioni di vendita<\/h2>\t\t\t\t<\/div>\n\t\t\t\t<\/div>\n\t\t\t\t\t<\/div>\n\t\t<\/div>\n\t\t\t\t\t<\/div>\n\t\t<\/section>\n\t\t\t\t<section class=\"elementor-section elementor-top-section elementor-element elementor-element-fa5d02b elementor-section-boxed elementor-section-height-default elementor-section-height-default\" data-id=\"fa5d02b\" data-element_type=\"section\" data-e-type=\"section\">\n\t\t\t\t\t\t<div class=\"elementor-container elementor-column-gap-default\">\n\t\t\t\t\t<div class=\"elementor-column elementor-col-100 elementor-top-column elementor-element elementor-element-922498b\" data-id=\"922498b\" data-element_type=\"column\" data-e-type=\"column\">\n\t\t\t<div class=\"elementor-widget-wrap elementor-element-populated\">\n\t\t\t\t\t\t<div class=\"elementor-element elementor-element-2333ed3 elementor-widget elementor-widget-text-editor\" data-id=\"2333ed3\" data-element_type=\"widget\" data-e-type=\"widget\" data-widget_type=\"text-editor.default\">\n\t\t\t\t<div class=\"elementor-widget-container\">\n\t\t\t\t\t\t\t\t\t<h3>1. Registrazione<\/h3><p>Per registrarsi, i clienti devono avere almeno 18 anni. Per gli studenti di et\u00e0 inferiore ai 18 anni, \u00e8 necessario allegare un&#8217;autorizzazione dei genitori<br \/>al modulo di iscrizione un&#8217;autorizzazione dei genitori che indichi le persone da contattare in caso di incidente.<br \/>di incidente. \u00c8 necessario consegnare un elenco delle informazioni relative alle autorizzazioni rilasciate al cliente durante il suo soggiorno.<\/p><h3>2. Costi amministrativi<\/h3><p><b>a. Corso FLE :<\/b><br \/>Queste quote sono di 70 euro (per i soggiorni linguistici), 50 euro (per gli au pair o gli espatriati UE) e 100 euro (per gli au pair o gli espatriati non UE) e si aggiungono al costo del corso.<\/p><p><b>b. corsi di lingua :<\/b><br \/>La quota \u00e8 di 30 euro per famiglia.<br \/>Se si iscrive un altro membro della stessa famiglia, verr\u00e0 applicato uno sconto del 50% sulla quota di iscrizione dei membri aggiuntivi.<br \/>In caso di cancellazione, questa quota non sar\u00e0 rimborsata.<\/p><p><b>c. corsi di lingua per adulti :<\/b><br \/>La quota \u00e8 di 30 euro per famiglia.<br \/>Se si iscrive un altro membro della stessa famiglia, verr\u00e0 applicato uno sconto del 50% sulla quota di iscrizione dei membri aggiuntivi.<br \/><strong>In caso di cancellazione, questa quota non sar\u00e0 rimborsata.<\/strong><\/p><h3>3. Certificato di iscrizione FLE<\/h3><p>Per confermare l&#8217;iscrizione \u00e8 richiesto un deposito di almeno il 30%. A<br \/>conferma verr\u00e0 inviata per e-mail, insieme a una fattura dettagliata. I clienti sono responsabili dell&#8217;invio dei documenti tramite raccomandata.<br \/>Se il soggiorno dura solo una settimana, la fattura deve essere pagata per intero al momento dell&#8217;iscrizione.<\/p><h3>4. Visto<\/h3><p>Per un soggiorno superiore a 3 mesi e per qualsiasi cliente proveniente da un Paese non appartenente all&#8217;Unione Europea, \u00e8 necessario richiedere un visto di lunga durata (in questo caso per studi di lunga durata).<br \/>Non appena riceveremo il modulo di iscrizione e il deposito dal cliente, verr\u00e0 inviato un certificato di iscrizione per confermare l&#8217;arrivo del cliente per un soggiorno di studio. Se necessario, \u00e8 possibile inviare una lettera di invito come prova all&#8217;ambasciata francese. \u00c8 responsabilit\u00e0 del cliente occuparsi delle formalit\u00e0 amministrative in tempo utile, fornendo i documenti appropriati.<\/p><h3>5. Cancellazione<\/h3><p><b>a. Corso FLE:<\/b><br \/>L&#8217;acconto non viene rimborsato, tranne in caso di rifiuto giustificato del visto (non \u00e8 responsabilit\u00e0 del tirocinante &#8211; 100 euro saranno trattenuti per coprire le spese amministrative + 120 euro se il cliente ha sottoscritto una piattaforma online di un anno). In caso di annullamento due settimane prima dell&#8217;arrivo del cliente, \u00e8 possibile ottenere un rimborso del 50% della quota di partecipazione (escluse le spese di iscrizione), oppure rinviare il soggiorno a una data successiva (entro un anno); non \u00e8 previsto alcun rimborso in caso di annullamento in loco, a corso iniziato. In caso di forza maggiore, il corso pu\u00f2 essere rinviato a una data successiva (entro un anno). Qualsiasi modifica o rinvio effettuato meno di due settimane prima dell&#8217;arrivo del cliente sar\u00e0 considerato come una cancellazione. Nel caso in cui il cliente sia impossibilitato a frequentare il corso per motivi medici o professionali (deve essere fornito un certificato da parte di un medico o del datore di lavoro via e-mail), sar\u00e0 possibile rinviare il corso a una data successiva, fino a 12 mesi dal ricevimento dei documenti.<\/p><p><b>b. Corsi &#8220;KIDS ZONE&#8221; e &#8220;TEENS ZONE&#8221;:<\/b><br \/>Le quote di iscrizione non sono rimborsabili. Una volta iniziato il corso, la quota non \u00e8 rimborsabile.<br \/>In caso di forza maggiore o di circostanze eccezionali, possono essere presi accordi speciali.<\/p><p><b>c. corsi di lingua per adulti :<\/b><br \/>Le quote di iscrizione non sono rimborsabili. Una volta che il corso \u00e8 iniziato, non \u00e8 rimborsabile, tranne in casi di forza maggiore e con motivazione (verr\u00e0 offerta una nota di credito per un periodo massimo di un anno).<\/p><p><b>d. Lezioni individuali (privati o aziende) :<\/b><br \/>Qualsiasi corso non cancellato con 48 ore di anticipo sar\u00e0 considerato annullato e perso. Ci\u00f2 significa che non sar\u00e0 possibile alcun rimborso o rinvio.<\/p><p>Se l&#8217;INSTITUT INTERNATIONAL LANGUES &amp; AFFAIRES \u00e8 costretto a cancellare un corso, verr\u00e0 effettuato un rimborso completo. Se tra le opzioni scelte dal cliente non viene raggiunto il numero di studenti (5), <strong>INSTITUT INTERNATIONAL LANGUES &amp; AFFAIRES<\/strong> si riserva di (5 studenti), INSTITUT INTERNATIONAL LANGUES &amp; AFFAIRES si riserva il diritto di inserire il cliente in un altro corso disponibile.<\/p><h3>6. Pagamento in loco<\/h3><p>In caso di comportamento inappropriato o irrispettoso da parte di un cliente (nei confronti del personale o di altri clienti), l&#8217;<strong>INSTITUT INTERNATIONAL LANGUES &amp; AFFAIRES<\/strong> si riserva il diritto di escludere il cliente in qualsiasi momento. Non \u00e8 previsto alcun rimborso.<\/p><h3>7. Utilizzo dell&#8217;immagine<\/h3><p>L&#8217;<strong>INSTITUT INTERNATIONAL LANGUES &amp; AFFAIRES<\/strong> pu\u00f2 occasionalmente scattare fotografie degli studenti durante le lezioni o le attivit\u00e0. In caso di rifiuto di utilizzare queste foto, \u00e8 necessario consegnare una lettera che indichi il rifiuto, prima o al momento della visita del cliente.<\/p><h3>8. Rivendicazioni<\/h3><p>La direzione della scuola ha l&#8217;ultima parola sulla decisione di rimborsare o recuperare un corso in caso di reclamo.<br \/>in caso di reclamo. Qualsiasi reclamo relativo ai servizi forniti dall&#8217;INSTITUT INTERNATIONAL LANGUES &amp; AFFAIRES deve essere registrato con lettera raccomandata e inviato all&#8217;<strong>INSTITUT INTERNATIONAL LANGUES &amp; AFFAIRES<\/strong> , 1 rue de clairefontaine, SMARTCITY CAMPUS , 78120 RAMBOUILLET, Francia.<br \/>Qualsiasi reclamo deve essere presentato al pi\u00f9 tardi una settimana dopo il soggiorno.<br \/>In caso di controversia, le parti convengono che il caso sar\u00e0 giudicato dal Tribunale di Versailles.<\/p><h3>9. Assicurazione<\/h3><p>L&#8217;<strong>INSTITUT INTERNATIONAL LANGUES &amp; AFFAIRES<\/strong> declina ogni responsabilit\u00e0 in caso di furto, perdita o danneggiamento degli effetti personali del cliente. L&#8217;IILA \u00e8 assicurato per la responsabilit\u00e0 civile con il gruppo GAN. Tuttavia, \u00e8 responsabilit\u00e0 dei tirocinanti adulti, degli studenti e dei minori essere coperti da un&#8217;adeguata assicurazione personale.<br \/>L&#8217;assicurazione per l&#8217;evacuazione medica e il rimpatrio \u00e8 OBBLIGATORIA per tutti gli studenti stranieri. \u00c8 necessario fornirne una copia.<\/p><h3>10. Festivit\u00e0 francesi \/ chiusura delle scuole<\/h3><p>Non saranno concessi sconti e non si recupereranno lezioni. Le lezioni si tengono al di fuori di questi periodi.<\/p><h3>11. Prezzi<\/h3><p>Il listino prezzi \u00e8 pubblicato sul sito web dell&#8217;<strong>INSTITUT INTERNATIONAL LANGUES &amp; AFFAIRES<\/strong> e inviato per e-mail su richiesta.<\/p><h3>12. Pagamento<\/h3><p><b>a. Corsi FLE :<\/b><br \/>La quota di iscrizione e il deposito devono essere versati per confermare l&#8217;iscrizione. Il saldo deve essere effettuato al ricevimento della fattura, un mese prima dell&#8217;inizio del corso. Le prenotazioni dell&#8217;ultimo minuto o per una sola settimana devono essere pagate per intero prima dell&#8217;arrivo dello studente. Eventuali spese bancarie sono a carico del cliente. I clienti che non hanno pagato la fattura non potranno accedere all&#8217;aula o all&#8217;alloggio.<\/p><p><b>b. Corsi &#8220;KIDS ZONE&#8221; e &#8220;TEENS ZONE&#8221;:<\/b><br \/>I corsi vengono pagati all&#8217;inizio del corso, una volta confermati.<\/p><p><b>c. corsi di lingua per adulti :<\/b><br \/>I corsi vengono pagati all&#8217;inizio del corso, una volta confermati.<\/p><p><b>d. corsi OPCO\/aziendali per adulti:<\/b><br \/>Il 50% del costo del corso deve essere versato all&#8217;inizio del corso, mentre il saldo \u00e8 dovuto al ricevimento della fattura alla fine del corso. Le condizioni di pagamento specifiche saranno stabilite nel contratto di formazione.<\/p><h3>13. Metodi di pagamento<\/h3><p>Il pagamento deve essere effettuato in euro. \u00c8 possibile pagare con :<br \/>&#8211; Carta di credito (Visa, Mastercard, Eurocard).<br \/>&#8211; Assegno o Eurocheque intestato a <strong>INSTITUT INTERNATIONAL LANGUES &amp; AFFAIRES<\/strong> (si prega di specificare il numero della fattura e il nome del cliente sul retro dell&#8217;assegno).<br \/>&#8211; Bonifico bancario (tenere conto delle spese bancarie di circa 30 euro per i Paesi extraeuropei e di 10 euro per i Paesi europei &#8211; specificare il numero di fattura e il nome del tirocinante).<\/p><p>&#8211; Contanti entro i limiti di legge.<\/p><p>\u00a0<\/p>\t\t\t\t\t\t\t\t<\/div>\n\t\t\t\t<\/div>\n\t\t\t\t\t<\/div>\n\t\t<\/div>\n\t\t\t\t\t<\/div>\n\t\t<\/section>\n\t\t\t\t<\/div>\n\t\t","protected":false},"excerpt":{"rendered":"<p>Termini e condizioni di vendita 1. Registrazione Per registrarsi, i clienti devono avere almeno 18 anni. Per gli studenti di et\u00e0 inferiore ai 18 anni, \u00e8 necessario allegare un&#8217;autorizzazione dei genitori al modulo di iscrizione un&#8217;autorizzazione dei genitori che indichi le persone da contattare in caso di incidente. di incidente. \u00c8 necessario consegnare un elenco [&hellip;]<\/p>\n","protected":false},"author":1,"featured_media":0,"parent":0,"menu_order":0,"comment_status":"closed","ping_status":"closed","template":"","meta":{"_uag_custom_page_level_css":"","_monsterinsights_skip_tracking":false,"_monsterinsights_sitenote_active":false,"_monsterinsights_sitenote_note":"","_monsterinsights_sitenote_category":0,"site-sidebar-layout":"no-sidebar","site-content-layout":"page-builder","ast-site-content-layout":"full-width-container","site-content-style":"unboxed","site-sidebar-style":"unboxed","ast-global-header-display":"","ast-banner-title-visibility":"","ast-main-header-display":"","ast-hfb-above-header-display":"","ast-hfb-below-header-display":"","ast-hfb-mobile-header-display":"","site-post-title":"disabled","ast-breadcrumbs-content":"","ast-featured-img":"disabled","footer-sml-layout":"","theme-transparent-header-meta":"","adv-header-id-meta":"","stick-header-meta":"","header-above-stick-meta":"","header-main-stick-meta":"","header-below-stick-meta":"","astra-migrate-meta-layouts":"set","ast-page-background-enabled":"default","ast-page-background-meta":{"desktop":{"background-color":"","background-image":"","background-repeat":"repeat","background-position":"center center","background-size":"auto","background-attachment":"scroll","background-type":"","background-media":"","overlay-type":"","overlay-color":"","overlay-opacity":"","overlay-gradient":""},"tablet":{"background-color":"","background-image":"","background-repeat":"repeat","background-position":"center center","background-size":"auto","background-attachment":"scroll","background-type":"","background-media":"","overlay-type":"","overlay-color":"","overlay-opacity":"","overlay-gradient":""},"mobile":{"background-color":"","background-image":"","background-repeat":"repeat","background-position":"center center","background-size":"auto","background-attachment":"scroll","background-type":"","background-media":"","overlay-type":"","overlay-color":"","overlay-opacity":"","overlay-gradient":""}},"ast-content-background-meta":{"desktop":{"background-color":"var(--ast-global-color-5)","background-image":"","background-repeat":"repeat","background-position":"center center","background-size":"auto","background-attachment":"scroll","background-type":"","background-media":"","overlay-type":"","overlay-color":"","overlay-opacity":"","overlay-gradient":""},"tablet":{"background-color":"var(--ast-global-color-5)","background-image":"","background-repeat":"repeat","background-position":"center center","background-size":"auto","background-attachment":"scroll","background-type":"","background-media":"","overlay-type":"","overlay-color":"","overlay-opacity":"","overlay-gradient":""},"mobile":{"background-color":"var(--ast-global-color-5)","background-image":"","background-repeat":"repeat","background-position":"center center","background-size":"auto","background-attachment":"scroll","background-type":"","background-media":"","overlay-type":"","overlay-color":"","overlay-opacity":"","overlay-gradient":""}},"footnotes":""},"class_list":["post-8411","page","type-page","status-publish","hentry"],"yoast_head":"<!-- This site is optimized with the Yoast SEO plugin v27.5 - https:\/\/yoast.com\/product\/yoast-seo-wordpress\/ -->\n<title>Termini e condizioni di vendita - Institut Rambouillet<\/title>\n<meta name=\"robots\" content=\"noindex, nofollow\" \/>\n<meta property=\"og:locale\" content=\"it_IT\" \/>\n<meta property=\"og:type\" content=\"article\" \/>\n<meta property=\"og:title\" content=\"Termini e condizioni di vendita - Institut Rambouillet\" \/>\n<meta property=\"og:description\" content=\"Termini e condizioni di vendita 1. Registrazione Per registrarsi, i clienti devono avere almeno 18 anni. Per gli studenti di et\u00e0 inferiore ai 18 anni, \u00e8 necessario allegare un&#8217;autorizzazione dei genitori al modulo di iscrizione un&#8217;autorizzazione dei genitori che indichi le persone da contattare in caso di incidente. di incidente. \u00c8 necessario consegnare un elenco [&hellip;]\" \/>\n<meta property=\"og:url\" content=\"https:\/\/www.institut-rambouillet.com\/it\/termini-e-condizioni-di-vendita\/\" \/>\n<meta property=\"og:site_name\" content=\"Institut Rambouillet\" \/>\n<meta property=\"article:publisher\" content=\"https:\/\/www.facebook.com\/institut.rambouillet\/\" \/>\n<meta property=\"article:modified_time\" content=\"2023-10-07T13:24:08+00:00\" \/>\n<meta name=\"twitter:card\" content=\"summary_large_image\" \/>\n<meta name=\"twitter:site\" content=\"@institut78\" \/>\n<meta name=\"twitter:label1\" content=\"Tempo di lettura stimato\" \/>\n\t<meta name=\"twitter:data1\" content=\"7 minuti\" \/>\n<script type=\"application\/ld+json\" class=\"yoast-schema-graph\">{\"@context\":\"https:\\\/\\\/schema.org\",\"@graph\":[{\"@type\":\"WebPage\",\"@id\":\"https:\\\/\\\/www.institut-rambouillet.com\\\/it\\\/termini-e-condizioni-di-vendita\\\/\",\"url\":\"https:\\\/\\\/www.institut-rambouillet.com\\\/it\\\/termini-e-condizioni-di-vendita\\\/\",\"name\":\"Termini e condizioni di vendita - Institut Rambouillet\",\"isPartOf\":{\"@id\":\"https:\\\/\\\/www.institut-rambouillet.com\\\/it\\\/#website\"},\"datePublished\":\"2023-10-06T23:45:29+00:00\",\"dateModified\":\"2023-10-07T13:24:08+00:00\",\"breadcrumb\":{\"@id\":\"https:\\\/\\\/www.institut-rambouillet.com\\\/it\\\/termini-e-condizioni-di-vendita\\\/#breadcrumb\"},\"inLanguage\":\"it-IT\",\"potentialAction\":[{\"@type\":\"ReadAction\",\"target\":[\"https:\\\/\\\/www.institut-rambouillet.com\\\/it\\\/termini-e-condizioni-di-vendita\\\/\"]}]},{\"@type\":\"BreadcrumbList\",\"@id\":\"https:\\\/\\\/www.institut-rambouillet.com\\\/it\\\/termini-e-condizioni-di-vendita\\\/#breadcrumb\",\"itemListElement\":[{\"@type\":\"ListItem\",\"position\":1,\"name\":\"Accueil\",\"item\":\"https:\\\/\\\/www.institut-rambouillet.com\\\/it\\\/\"},{\"@type\":\"ListItem\",\"position\":2,\"name\":\"Conditions G\u00e9n\u00e9rales de Vente\"}]},{\"@type\":\"WebSite\",\"@id\":\"https:\\\/\\\/www.institut-rambouillet.com\\\/it\\\/#website\",\"url\":\"https:\\\/\\\/www.institut-rambouillet.com\\\/it\\\/\",\"name\":\"Institut Rambouillet\",\"description\":\"Corsi di lingua: corsi individuali, corsi di gruppo, apprendimento a distanza\",\"publisher\":{\"@id\":\"https:\\\/\\\/www.institut-rambouillet.com\\\/it\\\/#organization\"},\"potentialAction\":[{\"@type\":\"SearchAction\",\"target\":{\"@type\":\"EntryPoint\",\"urlTemplate\":\"https:\\\/\\\/www.institut-rambouillet.com\\\/it\\\/?s={search_term_string}\"},\"query-input\":{\"@type\":\"PropertyValueSpecification\",\"valueRequired\":true,\"valueName\":\"search_term_string\"}}],\"inLanguage\":\"it-IT\"},{\"@type\":\"Organization\",\"@id\":\"https:\\\/\\\/www.institut-rambouillet.com\\\/it\\\/#organization\",\"name\":\"INSTITUT INTERNATIONAL LANGUES & AFFAIRES\",\"alternateName\":\"INSTITUT INTERNATIONAL LANGUES & AFFAIRES\",\"url\":\"https:\\\/\\\/www.institut-rambouillet.com\\\/it\\\/\",\"logo\":{\"@type\":\"ImageObject\",\"inLanguage\":\"it-IT\",\"@id\":\"https:\\\/\\\/www.institut-rambouillet.com\\\/it\\\/#\\\/schema\\\/logo\\\/image\\\/\",\"url\":\"https:\\\/\\\/www.institut-rambouillet.com\\\/wp-content\\\/uploads\\\/2023\\\/01\\\/logo-institut-langues-affaires-rambouillet.jpg\",\"contentUrl\":\"https:\\\/\\\/www.institut-rambouillet.com\\\/wp-content\\\/uploads\\\/2023\\\/01\\\/logo-institut-langues-affaires-rambouillet.jpg\",\"width\":300,\"height\":300,\"caption\":\"INSTITUT INTERNATIONAL LANGUES & AFFAIRES\"},\"image\":{\"@id\":\"https:\\\/\\\/www.institut-rambouillet.com\\\/it\\\/#\\\/schema\\\/logo\\\/image\\\/\"},\"sameAs\":[\"https:\\\/\\\/www.facebook.com\\\/institut.rambouillet\\\/\",\"https:\\\/\\\/x.com\\\/institut78\",\"https:\\\/\\\/www.instagram.com\\\/institut_international\\\/?hl=fr\"]}]}<\/script>\n<!-- \/ Yoast SEO plugin. -->","yoast_head_json":{"title":"Termini e condizioni di vendita - Institut Rambouillet","robots":{"index":"noindex","follow":"nofollow"},"og_locale":"it_IT","og_type":"article","og_title":"Termini e condizioni di vendita - Institut Rambouillet","og_description":"Termini e condizioni di vendita 1. Registrazione Per registrarsi, i clienti devono avere almeno 18 anni. Per gli studenti di et\u00e0 inferiore ai 18 anni, \u00e8 necessario allegare un&#8217;autorizzazione dei genitori al modulo di iscrizione un&#8217;autorizzazione dei genitori che indichi le persone da contattare in caso di incidente. di incidente. \u00c8 necessario consegnare un elenco [&hellip;]","og_url":"https:\/\/www.institut-rambouillet.com\/it\/termini-e-condizioni-di-vendita\/","og_site_name":"Institut Rambouillet","article_publisher":"https:\/\/www.facebook.com\/institut.rambouillet\/","article_modified_time":"2023-10-07T13:24:08+00:00","twitter_card":"summary_large_image","twitter_site":"@institut78","twitter_misc":{"Tempo di lettura stimato":"7 minuti"},"schema":{"@context":"https:\/\/schema.org","@graph":[{"@type":"WebPage","@id":"https:\/\/www.institut-rambouillet.com\/it\/termini-e-condizioni-di-vendita\/","url":"https:\/\/www.institut-rambouillet.com\/it\/termini-e-condizioni-di-vendita\/","name":"Termini e condizioni di vendita - Institut Rambouillet","isPartOf":{"@id":"https:\/\/www.institut-rambouillet.com\/it\/#website"},"datePublished":"2023-10-06T23:45:29+00:00","dateModified":"2023-10-07T13:24:08+00:00","breadcrumb":{"@id":"https:\/\/www.institut-rambouillet.com\/it\/termini-e-condizioni-di-vendita\/#breadcrumb"},"inLanguage":"it-IT","potentialAction":[{"@type":"ReadAction","target":["https:\/\/www.institut-rambouillet.com\/it\/termini-e-condizioni-di-vendita\/"]}]},{"@type":"BreadcrumbList","@id":"https:\/\/www.institut-rambouillet.com\/it\/termini-e-condizioni-di-vendita\/#breadcrumb","itemListElement":[{"@type":"ListItem","position":1,"name":"Accueil","item":"https:\/\/www.institut-rambouillet.com\/it\/"},{"@type":"ListItem","position":2,"name":"Conditions G\u00e9n\u00e9rales de Vente"}]},{"@type":"WebSite","@id":"https:\/\/www.institut-rambouillet.com\/it\/#website","url":"https:\/\/www.institut-rambouillet.com\/it\/","name":"Institut Rambouillet","description":"Corsi di lingua: corsi individuali, corsi di gruppo, apprendimento a distanza","publisher":{"@id":"https:\/\/www.institut-rambouillet.com\/it\/#organization"},"potentialAction":[{"@type":"SearchAction","target":{"@type":"EntryPoint","urlTemplate":"https:\/\/www.institut-rambouillet.com\/it\/?s={search_term_string}"},"query-input":{"@type":"PropertyValueSpecification","valueRequired":true,"valueName":"search_term_string"}}],"inLanguage":"it-IT"},{"@type":"Organization","@id":"https:\/\/www.institut-rambouillet.com\/it\/#organization","name":"INSTITUT INTERNATIONAL LANGUES & AFFAIRES","alternateName":"INSTITUT INTERNATIONAL LANGUES & AFFAIRES","url":"https:\/\/www.institut-rambouillet.com\/it\/","logo":{"@type":"ImageObject","inLanguage":"it-IT","@id":"https:\/\/www.institut-rambouillet.com\/it\/#\/schema\/logo\/image\/","url":"https:\/\/www.institut-rambouillet.com\/wp-content\/uploads\/2023\/01\/logo-institut-langues-affaires-rambouillet.jpg","contentUrl":"https:\/\/www.institut-rambouillet.com\/wp-content\/uploads\/2023\/01\/logo-institut-langues-affaires-rambouillet.jpg","width":300,"height":300,"caption":"INSTITUT INTERNATIONAL LANGUES & AFFAIRES"},"image":{"@id":"https:\/\/www.institut-rambouillet.com\/it\/#\/schema\/logo\/image\/"},"sameAs":["https:\/\/www.facebook.com\/institut.rambouillet\/","https:\/\/x.com\/institut78","https:\/\/www.instagram.com\/institut_international\/?hl=fr"]}]}},"uagb_featured_image_src":{"full":false,"thumbnail":false,"medium":false,"medium_large":false,"large":false,"1536x1536":false,"2048x2048":false},"uagb_author_info":{"display_name":"admin","author_link":"https:\/\/www.institut-rambouillet.com\/it\/author\/admin_insrambo\/"},"uagb_comment_info":0,"uagb_excerpt":"Termini e condizioni di vendita 1. Registrazione Per registrarsi, i clienti devono avere almeno 18 anni. Per gli studenti di et\u00e0 inferiore ai 18 anni, \u00e8 necessario allegare un&#8217;autorizzazione dei genitori al modulo di iscrizione un&#8217;autorizzazione dei genitori che indichi le persone da contattare in caso di incidente. di incidente. \u00c8 necessario consegnare un elenco&hellip;","_links":{"self":[{"href":"https:\/\/www.institut-rambouillet.com\/it\/wp-json\/wp\/v2\/pages\/8411","targetHints":{"allow":["GET"]}}],"collection":[{"href":"https:\/\/www.institut-rambouillet.com\/it\/wp-json\/wp\/v2\/pages"}],"about":[{"href":"https:\/\/www.institut-rambouillet.com\/it\/wp-json\/wp\/v2\/types\/page"}],"author":[{"embeddable":true,"href":"https:\/\/www.institut-rambouillet.com\/it\/wp-json\/wp\/v2\/users\/1"}],"replies":[{"embeddable":true,"href":"https:\/\/www.institut-rambouillet.com\/it\/wp-json\/wp\/v2\/comments?post=8411"}],"version-history":[{"count":0,"href":"https:\/\/www.institut-rambouillet.com\/it\/wp-json\/wp\/v2\/pages\/8411\/revisions"}],"wp:attachment":[{"href":"https:\/\/www.institut-rambouillet.com\/it\/wp-json\/wp\/v2\/media?parent=8411"}],"curies":[{"name":"wp","href":"https:\/\/api.w.org\/{rel}","templated":true}]}}